{"id":389,"date":"2021-08-03T01:54:44","date_gmt":"2021-08-03T01:54:44","guid":{"rendered":"https:\/\/igadeziel.com\/home\/"},"modified":"2022-08-21T22:26:07","modified_gmt":"2022-08-21T22:26:07","slug":"accueil","status":"publish","type":"page","link":"https:\/\/igadeziel.com\/en\/","title":{"rendered":"Accueil"},"content":{"rendered":"<div id=\"cs-content\" class=\"cs-content\"><\/div>\n","protected":false},"excerpt":{"rendered":"<p>Six emplacements pour bien vous servir Six emplacements pour bien vous servirIGA Extra Vaudreuil-Dorion IGA Rigaud IGA Hudson IGA Saint-Lazare IGA Cr\u00e9mazie IGA Jarry IGA Extra \u00cele Perrot IGA Grenville Succursales Nous avons six emplacements pour mieux vous servir.D\u00e9partements Consultez nos comptoirs et d\u00e9partements sp\u00e9cialis\u00e9s.Emplois Consultez nos offres d&#8217;emplois et postulez d\u00e8s maintenant.Contact Contactez-nous pour toutes questions, commentaires ou suggestions.Fruits &#8230; <\/p>\n<div><a href=\"https:\/\/igadeziel.com\/en\/\" class=\"more-link\">Read More<\/a><\/div>\n","protected":false},"author":1,"featured_media":370,"parent":0,"menu_order":0,"comment_status":"closed","ping_status":"closed","template":"template-blank-4.php","meta":{"_acf_changed":false,"footnotes":""},"class_list":["post-389","page","type-page","status-publish","has-post-thumbnail","hentry"],"acf":[],"yoast_head":"<!-- This site is optimized with the Yoast SEO plugin v27.2 - https:\/\/yoast.com\/product\/yoast-seo-wordpress\/ -->\n<title>IGA D\u00e9ziel &#8212; \u00c9piceries familiales depuis 1993<\/title>\n<meta name=\"description\" content=\"IGA D\u00e9ziel op\u00e8re sept supermarch\u00e9s IGA dans la r\u00e9gion de Montr\u00e9al et de Vaudreuil-Soulanges.\" \/>\n<meta name=\"robots\" content=\"index, follow, max-snippet:-1, max-image-preview:large, max-video-preview:-1\" \/>\n<link rel=\"canonical\" href=\"https:\/\/igadeziel.com\/en\/\" \/>\n<meta property=\"og:locale\" content=\"en_US\" \/>\n<meta property=\"og:type\" content=\"article\" \/>\n<meta property=\"og:title\" content=\"IGA D\u00e9ziel &#8212; \u00c9piceries familiales depuis 1993\" \/>\n<meta property=\"og:description\" content=\"IGA D\u00e9ziel op\u00e8re sept supermarch\u00e9s IGA dans la r\u00e9gion de Montr\u00e9al et de Vaudreuil-Soulanges.\" \/>\n<meta property=\"og:url\" content=\"https:\/\/igadeziel.com\/en\/\" \/>\n<meta property=\"og:site_name\" content=\"IGA D\u00e9ziel\" \/>\n<meta property=\"article:modified_time\" content=\"2022-08-21T22:26:07+00:00\" \/>\n<meta property=\"og:image\" content=\"https:\/\/igadeziel.com\/wp-content\/uploads\/2021\/08\/iga-deziel_vaudreuil.jpg\" \/>\n\t<meta property=\"og:image:width\" content=\"2048\" \/>\n\t<meta property=\"og:image:height\" content=\"1365\" \/>\n\t<meta property=\"og:image:type\" content=\"image\/jpeg\" \/>\n<meta name=\"twitter:card\" content=\"summary_large_image\" \/>\n<meta name=\"twitter:label1\" content=\"Est. reading time\" \/>\n\t<meta name=\"twitter:data1\" content=\"1 minute\" \/>\n<script type=\"application\/ld+json\" class=\"yoast-schema-graph\">{\"@context\":\"https:\/\/schema.org\",\"@graph\":[{\"@type\":\"WebPage\",\"@id\":\"https:\/\/igadeziel.com\/en\/\",\"url\":\"https:\/\/igadeziel.com\/en\/\",\"name\":\"IGA D\u00e9ziel &#8212; \u00c9piceries familiales depuis 1993\",\"isPartOf\":{\"@id\":\"https:\/\/igadeziel.com\/en\/#website\"},\"primaryImageOfPage\":{\"@id\":\"https:\/\/igadeziel.com\/en\/#primaryimage\"},\"image\":{\"@id\":\"https:\/\/igadeziel.com\/en\/#primaryimage\"},\"thumbnailUrl\":\"https:\/\/igadeziel.com\/wp-content\/uploads\/2021\/08\/iga-deziel_vaudreuil.jpg\",\"datePublished\":\"2021-08-03T01:54:44+00:00\",\"dateModified\":\"2022-08-21T22:26:07+00:00\",\"description\":\"IGA D\u00e9ziel op\u00e8re sept supermarch\u00e9s IGA dans la r\u00e9gion de Montr\u00e9al et de Vaudreuil-Soulanges.\",\"breadcrumb\":{\"@id\":\"https:\/\/igadeziel.com\/en\/#breadcrumb\"},\"inLanguage\":\"en-US\",\"potentialAction\":[{\"@type\":\"ReadAction\",\"target\":[\"https:\/\/igadeziel.com\/en\/\"]}]},{\"@type\":\"ImageObject\",\"inLanguage\":\"en-US\",\"@id\":\"https:\/\/igadeziel.com\/en\/#primaryimage\",\"url\":\"https:\/\/igadeziel.com\/wp-content\/uploads\/2021\/08\/iga-deziel_vaudreuil.jpg\",\"contentUrl\":\"https:\/\/igadeziel.com\/wp-content\/uploads\/2021\/08\/iga-deziel_vaudreuil.jpg\",\"width\":2048,\"height\":1365},{\"@type\":\"BreadcrumbList\",\"@id\":\"https:\/\/igadeziel.com\/en\/#breadcrumb\",\"itemListElement\":[{\"@type\":\"ListItem\",\"position\":1,\"name\":\"Home\",\"item\":\"https:\/\/igadeziel.com\/en\/\"},{\"@type\":\"ListItem\",\"position\":2,\"name\":\"Accueil\"}]},{\"@type\":\"WebSite\",\"@id\":\"https:\/\/igadeziel.com\/en\/#website\",\"url\":\"https:\/\/igadeziel.com\/en\/\",\"name\":\"IGA D\u00e9ziel\",\"description\":\"\",\"publisher\":{\"@id\":\"https:\/\/igadeziel.com\/en\/#organization\"},\"potentialAction\":[{\"@type\":\"SearchAction\",\"target\":{\"@type\":\"EntryPoint\",\"urlTemplate\":\"https:\/\/igadeziel.com\/en\/?s={search_term_string}\"},\"query-input\":{\"@type\":\"PropertyValueSpecification\",\"valueRequired\":true,\"valueName\":\"search_term_string\"}}],\"inLanguage\":\"en-US\"},{\"@type\":\"Organization\",\"@id\":\"https:\/\/igadeziel.com\/en\/#organization\",\"name\":\"IGA Famille D\u00e9ziel\",\"alternateName\":\"IGA D\u00e9ziel\",\"url\":\"https:\/\/igadeziel.com\/en\/\",\"logo\":{\"@type\":\"ImageObject\",\"inLanguage\":\"en-US\",\"@id\":\"https:\/\/igadeziel.com\/en\/#\/schema\/logo\/image\/\",\"url\":\"https:\/\/igadeziel.com\/wp-content\/uploads\/2026\/03\/iga-deziel_logo_yoast-seo.png\",\"contentUrl\":\"https:\/\/igadeziel.com\/wp-content\/uploads\/2026\/03\/iga-deziel_logo_yoast-seo.png\",\"width\":696,\"height\":696,\"caption\":\"IGA Famille D\u00e9ziel\"},\"image\":{\"@id\":\"https:\/\/igadeziel.com\/en\/#\/schema\/logo\/image\/\"}}]}<\/script>\n<!-- \/ Yoast SEO plugin. -->","yoast_head_json":{"title":"IGA D\u00e9ziel &#8212; \u00c9piceries familiales depuis 1993","description":"IGA D\u00e9ziel op\u00e8re sept supermarch\u00e9s IGA dans la r\u00e9gion de Montr\u00e9al et de Vaudreuil-Soulanges.","robots":{"index":"index","follow":"follow","max-snippet":"max-snippet:-1","max-image-preview":"max-image-preview:large","max-video-preview":"max-video-preview:-1"},"canonical":"https:\/\/igadeziel.com\/en\/","og_locale":"en_US","og_type":"article","og_title":"IGA D\u00e9ziel &#8212; \u00c9piceries familiales depuis 1993","og_description":"IGA D\u00e9ziel op\u00e8re sept supermarch\u00e9s IGA dans la r\u00e9gion de Montr\u00e9al et de Vaudreuil-Soulanges.","og_url":"https:\/\/igadeziel.com\/en\/","og_site_name":"IGA D\u00e9ziel","article_modified_time":"2022-08-21T22:26:07+00:00","og_image":[{"width":2048,"height":1365,"url":"https:\/\/igadeziel.com\/wp-content\/uploads\/2021\/08\/iga-deziel_vaudreuil.jpg","type":"image\/jpeg"}],"twitter_card":"summary_large_image","twitter_misc":{"Est. reading time":"1 minute"},"schema":{"@context":"https:\/\/schema.org","@graph":[{"@type":"WebPage","@id":"https:\/\/igadeziel.com\/en\/","url":"https:\/\/igadeziel.com\/en\/","name":"IGA D\u00e9ziel &#8212; \u00c9piceries familiales depuis 1993","isPartOf":{"@id":"https:\/\/igadeziel.com\/en\/#website"},"primaryImageOfPage":{"@id":"https:\/\/igadeziel.com\/en\/#primaryimage"},"image":{"@id":"https:\/\/igadeziel.com\/en\/#primaryimage"},"thumbnailUrl":"https:\/\/igadeziel.com\/wp-content\/uploads\/2021\/08\/iga-deziel_vaudreuil.jpg","datePublished":"2021-08-03T01:54:44+00:00","dateModified":"2022-08-21T22:26:07+00:00","description":"IGA D\u00e9ziel op\u00e8re sept supermarch\u00e9s IGA dans la r\u00e9gion de Montr\u00e9al et de Vaudreuil-Soulanges.","breadcrumb":{"@id":"https:\/\/igadeziel.com\/en\/#breadcrumb"},"inLanguage":"en-US","potentialAction":[{"@type":"ReadAction","target":["https:\/\/igadeziel.com\/en\/"]}]},{"@type":"ImageObject","inLanguage":"en-US","@id":"https:\/\/igadeziel.com\/en\/#primaryimage","url":"https:\/\/igadeziel.com\/wp-content\/uploads\/2021\/08\/iga-deziel_vaudreuil.jpg","contentUrl":"https:\/\/igadeziel.com\/wp-content\/uploads\/2021\/08\/iga-deziel_vaudreuil.jpg","width":2048,"height":1365},{"@type":"BreadcrumbList","@id":"https:\/\/igadeziel.com\/en\/#breadcrumb","itemListElement":[{"@type":"ListItem","position":1,"name":"Home","item":"https:\/\/igadeziel.com\/en\/"},{"@type":"ListItem","position":2,"name":"Accueil"}]},{"@type":"WebSite","@id":"https:\/\/igadeziel.com\/en\/#website","url":"https:\/\/igadeziel.com\/en\/","name":"IGA D\u00e9ziel","description":"","publisher":{"@id":"https:\/\/igadeziel.com\/en\/#organization"},"potentialAction":[{"@type":"SearchAction","target":{"@type":"EntryPoint","urlTemplate":"https:\/\/igadeziel.com\/en\/?s={search_term_string}"},"query-input":{"@type":"PropertyValueSpecification","valueRequired":true,"valueName":"search_term_string"}}],"inLanguage":"en-US"},{"@type":"Organization","@id":"https:\/\/igadeziel.com\/en\/#organization","name":"IGA Famille D\u00e9ziel","alternateName":"IGA D\u00e9ziel","url":"https:\/\/igadeziel.com\/en\/","logo":{"@type":"ImageObject","inLanguage":"en-US","@id":"https:\/\/igadeziel.com\/en\/#\/schema\/logo\/image\/","url":"https:\/\/igadeziel.com\/wp-content\/uploads\/2026\/03\/iga-deziel_logo_yoast-seo.png","contentUrl":"https:\/\/igadeziel.com\/wp-content\/uploads\/2026\/03\/iga-deziel_logo_yoast-seo.png","width":696,"height":696,"caption":"IGA Famille D\u00e9ziel"},"image":{"@id":"https:\/\/igadeziel.com\/en\/#\/schema\/logo\/image\/"}}]}},"_links":{"self":[{"href":"https:\/\/igadeziel.com\/en\/wp-json\/wp\/v2\/pages\/389","targetHints":{"allow":["GET"]}}],"collection":[{"href":"https:\/\/igadeziel.com\/en\/wp-json\/wp\/v2\/pages"}],"about":[{"href":"https:\/\/igadeziel.com\/en\/wp-json\/wp\/v2\/types\/page"}],"author":[{"embeddable":true,"href":"https:\/\/igadeziel.com\/en\/wp-json\/wp\/v2\/users\/1"}],"replies":[{"embeddable":true,"href":"https:\/\/igadeziel.com\/en\/wp-json\/wp\/v2\/comments?post=389"}],"version-history":[{"count":5,"href":"https:\/\/igadeziel.com\/en\/wp-json\/wp\/v2\/pages\/389\/revisions"}],"predecessor-version":[{"id":466,"href":"https:\/\/igadeziel.com\/en\/wp-json\/wp\/v2\/pages\/389\/revisions\/466"}],"wp:featuredmedia":[{"embeddable":true,"href":"https:\/\/igadeziel.com\/en\/wp-json\/wp\/v2\/media\/370"}],"wp:attachment":[{"href":"https:\/\/igadeziel.com\/en\/wp-json\/wp\/v2\/media?parent=389"}],"curies":[{"name":"wp","href":"https:\/\/api.w.org\/{rel}","templated":true}]}}